{"id":730,"date":"2024-10-31T06:31:16","date_gmt":"2024-10-31T06:31:16","guid":{"rendered":"https:\/\/galemiamihotelandresidences.com\/?page_id=730"},"modified":"2024-11-30T08:37:36","modified_gmt":"2024-11-30T08:37:36","slug":"comodidades","status":"publish","type":"page","link":"https:\/\/72parkresidences.com\/es\/comodidades\/","title":{"rendered":"Comodidades"},"content":{"rendered":"<p>[et_pb_section fb_built=&#8221;1&#8243; custom_padding_last_edited=&#8221;on|phone&#8221; _builder_version=&#8221;4.27.3&#8243; _module_preset=&#8221;default&#8221; background_color=&#8221;rgba(0,0,0,0.61)&#8221; background_image=&#8221;https:\/\/72parkresidences.com\/es\/wp-content\/uploads\/72-park-residences-header.jpg&#8221; background_blend=&#8221;overlay&#8221; custom_padding=&#8221;90px||90px|||&#8221; custom_padding_tablet=&#8221;90px||90px|||&#8221; custom_padding_phone=&#8221;50px||50px||true|false&#8221; global_colors_info=&#8221;{}&#8221;][et_pb_row _builder_version=&#8221;4.17.4&#8243; _module_preset=&#8221;default&#8221; global_colors_info=&#8221;{}&#8221;][et_pb_column type=&#8221;4_4&#8243; _builder_version=&#8221;4.17.4&#8243; _module_preset=&#8221;default&#8221; global_colors_info=&#8221;{}&#8221;][et_pb_text _builder_version=&#8221;4.27.4&#8243; _module_preset=&#8221;default&#8221; text_font=&#8221;|600|||||||&#8221; text_text_color=&#8221;#FFFFFF&#8221; text_font_size=&#8221;25px&#8221; header_font=&#8221;|700||on|||||&#8221; header_text_align=&#8221;center&#8221; header_text_color=&#8221;#FFFFFF&#8221; header_font_size=&#8221;50px&#8221; header_2_font_size=&#8221;45px&#8221; text_orientation=&#8221;center&#8221; hover_enabled=&#8221;0&#8243; header_font_size_tablet=&#8221;50px&#8221; header_font_size_phone=&#8221;30px&#8221; header_font_size_last_edited=&#8221;on|phone&#8221; header_text_shadow_style=&#8221;preset3&#8243; header_text_shadow_blur_strength=&#8221;0.69em&#8221; header_text_shadow_color=&#8221;#000000&#8243; global_colors_info=&#8221;{}&#8221; sticky_enabled=&#8221;0&#8243; content_last_edited=&#8221;on|phone&#8221; content_tablet=&#8221;<\/p>\n<h1>72 Park Residences<br \/>\nComodidades<\/h1>\n<p>&#8221; content_phone=&#8221;<\/p>\n<h1>72 Park Residences<br \/>\nComodidades<\/h1>\n<p>&#8220;]<\/p>\n<h1>72 Park Residences<br \/>\nComodidades<\/h1>\n<p>[\/et_pb_text][\/et_pb_column][\/et_pb_row][\/et_pb_section][et_pb_section fb_built=&#8221;1&#8243; module_id=&#8221;building-features&#8221; _builder_version=&#8221;4.22.1&#8243; _module_preset=&#8221;default&#8221; background_color=&#8221;RGBA(255,255,255,0)&#8221; custom_padding=&#8221;90px||2px|||&#8221; global_colors_info=&#8221;{}&#8221;][et_pb_row column_structure=&#8221;3_5,2_5&#8243; _builder_version=&#8221;4.27.2&#8243; _module_preset=&#8221;default&#8221; width=&#8221;90%&#8221; max_width=&#8221;90%&#8221; custom_margin=&#8221;-69px|auto||auto||&#8221; custom_margin_tablet=&#8221;&#8221; custom_margin_phone=&#8221;||||false|false&#8221; custom_margin_last_edited=&#8221;on|phone&#8221; custom_padding=&#8221;0px||||false|false&#8221; global_colors_info=&#8221;{}&#8221;][et_pb_column type=&#8221;3_5&#8243; _builder_version=&#8221;4.20.2&#8243; _module_preset=&#8221;default&#8221; global_colors_info=&#8221;{}&#8221;][et_pb_text _builder_version=&#8221;4.27.4&#8243; _module_preset=&#8221;default&#8221; text_font=&#8221;Adamina||||||||&#8221; text_text_color=&#8221;#000000&#8243; text_line_height=&#8221;1.8em&#8221; header_2_font=&#8221;|700|||||||&#8221; header_2_font_size=&#8221;30px&#8221; header_2_line_height=&#8221;1.8em&#8221; custom_margin=&#8221;-1px||1px||false|false&#8221; custom_margin_tablet=&#8221;-1px||1px||false|false&#8221; custom_margin_phone=&#8221;1px||1px||false|false&#8221; custom_margin_last_edited=&#8221;on|phone&#8221; hover_enabled=&#8221;0&#8243; global_colors_info=&#8221;{}&#8221; sticky_enabled=&#8221;0&#8243;]<\/p>\n<h2>Caracter\u00edsticas del edificio<br \/>\n<strong><\/strong><\/h2>\n<ul>\n<li>Edificio de 22 pisos dise\u00f1ado por el reconocido y c\u00e9lebre arquitecto Built Form.<\/li>\n<li>Ubicaci\u00f3n privilegiada en Miami Beach, a pocas cuadras de la playa.<\/li>\n<li>Aprobado para alquileres a corto plazo, lo que otorga flexibilidad y posibilidades.<br \/>\nGran vest\u00edbulo de doble altura con ventanales que dejan entrar la luz natural.<\/li>\n<li>Estacionamiento propio disponible para propietarios e invitados.<\/li>\n<li>Si\u00e9ntase bienvenido en un mostrador de recepci\u00f3n abierto las 24 horas.<\/li>\n<li>Seguridad en el edificio las 24 horas.<\/li>\n<li>La tecnolog\u00eda avanzada de edificios inteligentes ofrece acceso a Internet inal\u00e1mbrico de fibra \u00f3ptica de alta velocidad en las \u00e1reas comunes y residencias.<\/li>\n<li>Prestigiosa certificaci\u00f3n LEED Gold, un testimonio del compromiso del edificio con la sustentabilidad.<\/li>\n<li>3 ascensores de pasajeros de alta velocidad equipados con control de acceso.<\/li>\n<li>Las opciones culinarias abundan, con varios restaurantes en la propiedad.<\/li>\n<\/ul>\n<p><strong><\/strong>[\/et_pb_text][\/et_pb_column][et_pb_column type=&#8221;2_5&#8243; _builder_version=&#8221;4.20.2&#8243; _module_preset=&#8221;default&#8221; global_colors_info=&#8221;{}&#8221;][et_pb_image src=&#8221;https:\/\/72parkresidences.com\/es\/wp-content\/uploads\/72-park-tower.jpg&#8221; alt=&#8221;The Four Seasons Coconut Grove South Florida&#8221; title_text=&#8221;72-park-tower&#8221; align=&#8221;center&#8221; src_tablet=&#8221;https:\/\/72parkresidences.com\/es\/wp-content\/uploads\/miami-tropic-residences_23-scaled.jpeg&#8221; src_phone=&#8221;https:\/\/72parkresidences.com\/es\/wp-content\/uploads\/72-park-tower.jpg&#8221; src_last_edited=&#8221;on|tablet&#8221; _builder_version=&#8221;4.27.4&#8243; _module_preset=&#8221;default&#8221; custom_margin=&#8221;59px|||||&#8221; custom_margin_tablet=&#8221;79px|||||&#8221; custom_margin_phone=&#8221;1px||||false|false&#8221; custom_margin_last_edited=&#8221;on|phone&#8221; hover_enabled=&#8221;0&#8243; image_caption_color=&#8221;#282828&#8243; image_caption_size=&#8221;14px&#8221; image_caption_lineheight=&#8221;1.5em&#8221; global_colors_info=&#8221;{}&#8221; sticky_enabled=&#8221;0&#8243;][\/et_pb_image][\/et_pb_column][\/et_pb_row][\/et_pb_section][et_pb_section fb_built=&#8221;1&#8243; module_id=&#8221;building-features&#8221; _builder_version=&#8221;4.24.2&#8243; _module_preset=&#8221;default&#8221; background_color=&#8221;RGBA(255,255,255,0)&#8221; min_height=&#8221;705.2px&#8221; custom_margin=&#8221;30px|||||&#8221; custom_padding=&#8221;||2px|||&#8221; global_colors_info=&#8221;{}&#8221;][et_pb_row column_structure=&#8221;1_2,1_2&#8243; _builder_version=&#8221;4.27.2&#8243; _module_preset=&#8221;default&#8221; width=&#8221;90%&#8221; max_width=&#8221;90%&#8221; custom_margin=&#8221;-47px|auto||auto||&#8221; custom_padding=&#8221;||0px|||&#8221; global_colors_info=&#8221;{}&#8221;][et_pb_column type=&#8221;1_2&#8243; _builder_version=&#8221;4.20.2&#8243; _module_preset=&#8221;default&#8221; global_colors_info=&#8221;{}&#8221;][\/et_pb_column][et_pb_column type=&#8221;1_2&#8243; _builder_version=&#8221;4.20.2&#8243; _module_preset=&#8221;default&#8221; global_colors_info=&#8221;{}&#8221;][et_pb_text _builder_version=&#8221;4.27.4&#8243; _module_preset=&#8221;default&#8221; text_font=&#8221;Adamina||||||||&#8221; text_text_color=&#8221;#000000&#8243; text_line_height=&#8221;1.8em&#8221; header_2_font=&#8221;|700|||||||&#8221; header_2_font_size=&#8221;30px&#8221; header_2_line_height=&#8221;1.8em&#8221; custom_margin=&#8221;-10px|||||&#8221; custom_margin_tablet=&#8221;-80px|||||&#8221; custom_margin_phone=&#8221;1px||||false|false&#8221; custom_margin_last_edited=&#8221;on|phone&#8221; hover_enabled=&#8221;0&#8243; global_colors_info=&#8221;{}&#8221; sticky_enabled=&#8221;0&#8243;]<\/p>\n<h2>Caracter\u00edsticas de la residencia<\/h2>\n<ul>\n<li>Dise\u00f1os modernos y abiertos de 470 a 1,177 pies cuadrados.<\/li>\n<li>Ofrecemos una selecci\u00f3n de residencias de 1, 2 y 3 habitaciones, cada una dise\u00f1ada para superar sus expectativas.<\/li>\n<li>Todas las residencias ofrecen opciones completamente amuebladas, lo que garantiza que cada detalle est\u00e9 cuidado a la perfecci\u00f3n.<\/li>\n<li>Vistas panor\u00e1micas del oc\u00e9ano, el parque, el canal intracostero y el horizonte de Miami desde su propio santuario privado.<\/li>\n<li>Salga al amplio balc\u00f3n privado de 6 1\u20442 pies de profundidad para sentir la brisa y admirar los impresionantes alrededores.<\/li>\n<li>La altura de los techos var\u00eda de 9 a 10 pies, lo que crea una atm\u00f3sfera de grandeza y amplitud.<\/li>\n<li>Las puertas corredizas de vidrio de piso a techo y el vidrio resistente a los impactos en todas las residencias Permiten una gran cantidad de luz natural y al mismo tiempo brindan una conexi\u00f3n perfecta con el mundo exterior.<\/li>\n<li>Tecnolog\u00eda avanzada de edificios inteligentes que ofrece Internet inal\u00e1mbrico de fibra \u00f3ptica de alta velocidad, HDTV, entrada sin llave a todas las residencias con SALTO y controles de acceso inteligentes, y l\u00edneas telef\u00f3nicas\/de datos.<\/li>\n<li>Sistema de aire acondicionado y calefacci\u00f3n central con control individual y de bajo consumo energ\u00e9tico.<\/li>\n<\/ul>\n<p>[\/et_pb_text][\/et_pb_column][\/et_pb_row][et_pb_row column_structure=&#8221;1_2,1_2&#8243; _builder_version=&#8221;4.27.3&#8243; _module_preset=&#8221;default&#8221; width=&#8221;90%&#8221; max_width=&#8221;90%&#8221; global_colors_info=&#8221;{}&#8221;][et_pb_column type=&#8221;1_2&#8243; _builder_version=&#8221;4.27.3&#8243; _module_preset=&#8221;default&#8221; global_colors_info=&#8221;{}&#8221;][et_pb_text _builder_version=&#8221;4.27.4&#8243; _module_preset=&#8221;default&#8221; text_text_color=&#8221;#000000&#8243; header_font=&#8221;|700|||||||&#8221; header_text_color=&#8221;#000000&#8243; header_3_font=&#8221;|700|||||||&#8221; header_3_text_color=&#8221;#000000&#8243; hover_enabled=&#8221;0&#8243; global_colors_info=&#8221;{}&#8221; sticky_enabled=&#8221;0&#8243;]<\/p>\n<h3>COCINA<\/h3>\n<ul>\n<li>Disfrute de una cocina de chef con un paquete de electrodom\u00e9sticos totalmente integrados de estilo europeo que incluye refrigerador, horno, placa de inducci\u00f3n, horno r\u00e1pido y lavavajillas de Bosch, SMEG y Fisher &amp; Paykel.<\/li>\n<li>Gabinetes europeos importados con herrajes de primera calidad, elegantes encimeras de cuarzo importado, salpicaderos y fregadero de acero inoxidable contempor\u00e1neo bajo encimera con grifo gourmet y rociador integrado<\/li>\n<\/ul>\n<p>[\/et_pb_text][\/et_pb_column][et_pb_column type=&#8221;1_2&#8243; _builder_version=&#8221;4.27.3&#8243; _module_preset=&#8221;default&#8221; global_colors_info=&#8221;{}&#8221;][et_pb_text _builder_version=&#8221;4.27.4&#8243; _module_preset=&#8221;default&#8221; text_text_color=&#8221;#000000&#8243; header_font=&#8221;|700|||||||&#8221; header_text_color=&#8221;#000000&#8243; header_3_font=&#8221;|700|||||||&#8221; header_3_text_color=&#8221;#000000&#8243; hover_enabled=&#8221;0&#8243; global_colors_info=&#8221;{}&#8221; sticky_enabled=&#8221;0&#8243;]<\/p>\n<h3>BA\u00d1O<\/h3>\n<ul>\n<li>Esc\u00e1pese a su santuario dentro del ba\u00f1o, donde los gabinetes europeos importados con herrajes de primera calidad exudan elegancia.<\/li>\n<li>Encimeras y salpicaderos de cuarzo importados, pisos y paredes con acabado personalizado en \u00e1reas h\u00famedas y accesorios, herrajes y accesorios Hansgrohe de primera calidad, que crean una atm\u00f3sfera similar a la de un spa.<\/li>\n<\/ul>\n<p>[\/et_pb_text][\/et_pb_column][\/et_pb_row][\/et_pb_section]<\/p>\n","protected":false},"excerpt":{"rendered":"<p>72 Park Residences ComodidadesCaracter\u00edsticas del edificio Edificio de 22 pisos dise\u00f1ado por el reconocido y c\u00e9lebre arquitecto Built Form. Ubicaci\u00f3n privilegiada en Miami Beach, a pocas cuadras de la playa. Aprobado para alquileres a corto plazo, lo que otorga flexibilidad y posibilidades. Gran vest\u00edbulo de doble altura con ventanales que dejan entrar la luz natural. [&hellip;]<\/p>\n","protected":false},"author":1,"featured_media":2042,"parent":0,"menu_order":0,"comment_status":"closed","ping_status":"closed","template":"","meta":{"_et_pb_use_builder":"on","_et_pb_old_content":"","_et_gb_content_width":"","footnotes":""},"class_list":["post-730","page","type-page","status-publish","has-post-thumbnail","hentry"],"_links":{"self":[{"href":"https:\/\/72parkresidences.com\/es\/wp-json\/wp\/v2\/pages\/730","targetHints":{"allow":["GET"]}}],"collection":[{"href":"https:\/\/72parkresidences.com\/es\/wp-json\/wp\/v2\/pages"}],"about":[{"href":"https:\/\/72parkresidences.com\/es\/wp-json\/wp\/v2\/types\/page"}],"author":[{"embeddable":true,"href":"https:\/\/72parkresidences.com\/es\/wp-json\/wp\/v2\/users\/1"}],"replies":[{"embeddable":true,"href":"https:\/\/72parkresidences.com\/es\/wp-json\/wp\/v2\/comments?post=730"}],"version-history":[{"count":56,"href":"https:\/\/72parkresidences.com\/es\/wp-json\/wp\/v2\/pages\/730\/revisions"}],"predecessor-version":[{"id":2169,"href":"https:\/\/72parkresidences.com\/es\/wp-json\/wp\/v2\/pages\/730\/revisions\/2169"}],"wp:featuredmedia":[{"embeddable":true,"href":"https:\/\/72parkresidences.com\/es\/wp-json\/wp\/v2\/media\/2042"}],"wp:attachment":[{"href":"https:\/\/72parkresidences.com\/es\/wp-json\/wp\/v2\/media?parent=730"}],"curies":[{"name":"wp","href":"https:\/\/api.w.org\/{rel}","templated":true}]}}